{"id":3,"date":"2026-02-06T08:58:04","date_gmt":"2026-02-06T08:58:04","guid":{"rendered":"http:\/\/jingold.do.devhoop.com\/?page_id=3"},"modified":"2026-03-12T09:34:31","modified_gmt":"2026-03-12T09:34:31","slug":"politique-de-confidentialite","status":"publish","type":"page","link":"https:\/\/jingold.do.devhoop.com\/fr\/privacy-policy\/","title":{"rendered":"Privacy Policy"},"content":{"rendered":"<div data-elementor-type=\"wp-page\" data-elementor-id=\"3\" class=\"elementor elementor-3\" data-elementor-post-type=\"page\">\n\t\t\t\t<div class=\"elementor-element elementor-element-f5074f4 e-con-full e-flex e-con e-parent\" data-id=\"f5074f4\" data-element_type=\"container\" data-e-type=\"container\">\n\t\t\t\t<div class=\"elementor-element elementor-element-6810d757 elementor-widget elementor-widget-text-editor\" data-id=\"6810d757\" data-element_type=\"widget\" data-e-type=\"widget\" data-widget_type=\"text-editor.default\">\n\t\t\t\t\t\t\t\t\t\n<h2 class=\"wp-block-heading\"><strong>Policy Data Protection Regolamento UE 2016\/679 Societ\u00e0 Jingold s.p.a.<\/strong><\/h2>\n<p>\u00a0<\/p>\n<p>I. INFORMAZIONI RELATIVE ALLA PRIVACY POLICY DEL SITO<br \/>In questo documento si forniscono le necessarie informazioni relative alle modalit\u00e0, i tempi e la natura del trattamento dei dati personali acquisiti tramite la consultazione del sito web www. Jingold.it e corporate.jingold.it. La informativa \u00e8 resa esclusivamente per le attivit\u00e0 online del presente sito web ed \u00e8 valida per gli utenti dello stesso. Non si applica invece per altri siti web eventualmente consultati dall\u2019utente tramite link. Nel caso in cui l\u2019utente abbia meno di 16 anni, ai sensi dell\u2019art.8 comma 1 Reg UE 2016\/679, dovr\u00e0 legittimare il suo consenso attraverso l\u2019autorizzazione dei genitori o di chi ne fa le veci.<\/p>\n<p>II. TRATTAMENTO DEI DATI<br \/><strong>L\u2019Interessato<\/strong><br \/>L\u2019interessato nei trattamenti dati di questa Societ\u00e0 pu\u00f2 essere rivestito da varie figure: cliente, fornitore, il richiedente informazioni, l\u2019utente che visita il sito web.<\/p>\n<p><strong>Il Titolare del trattamento<\/strong><br \/>Il titolare del trattamento \u00e8 la persona fisica o giuridica, l\u2019autorit\u00e0 pubblica, il servizio o altro organismo che, singolarmente o insieme ad altri, determina le finalit\u00e0 e i mezzi del trattamento di dati personali. Relativamente al presente sito web il titolare del trattamento dei dati forniti \u00e8 Jingold s.p.a. con sede legale in Cesena, via F.Turati, 650 P. Iva n. 04030080404, Telefono: +39 0547 317476 \u2013 e.mail:\u00a0<a href=\"mailto:info@jingold.it\">info@jingold.it<\/a>, PEC\u00a0<a href=\"mailto:jingoldspa@legalmail.it\">jingoldspa@legalmail.it<\/a>.<\/p>\n<p><strong>Il Trattamento e il Dato personale<\/strong><br \/>Con trattamento si intende qualsiasi operazione o insieme di operazioni, compiute con o senza l\u2019ausilio di processi automatizzati e applicate a dati personali o insiemi di dati personali, come la raccolta, la registrazione, l\u2019organizzazione, la strutturazione, la conservazione, l\u2019adattamento o la modifica, l\u2019estrazione, la consultazione, l\u2019uso, la comunicazione mediante trasmissione, diffusione o qualsiasi altra forma di messa a disposizione, il raffronto o l\u2019interconnessione, la limitazione, la cancellazione o la distruzione come meglio specificato dall\u2019art. 4 del Reg. UE 679\/2016 cui si rinvia. Per dato personale si intende qualsiasi informazione riguardante una persona fisica identificata o identificabile (interessato); si considera identificabile la persona fisica che pu\u00f2 essere identificata, direttamente o indirettamente, con particolare riferimento a un identificativo come il nome, un numero di identificazione, dati relativi all\u2019ubicazione, un identificativo online o a uno o pi\u00f9 elementi caratteristici della sua identit\u00e0 fisica, fisiologica, genetica, psichica, economica, culturale o sociale come meglio specificato dall\u2019art. 4 del Reg. UE 679\/2016 cui si rinvia.<\/p>\n<p><strong>Il Responsabile del trattamento<\/strong><br \/>Il responsabile del trattamento \u00e8 la persona fisica o giuridica, l\u2019autorit\u00e0 pubblica, il servizio o altro organismo che tratta dati personali per conto del titolare del trattamento.<\/p>\n<p>Ai sensi dell\u2019art. 28 Reg UE n. 2016\/679, su nomina del titolare del trattamento, il responsabile del trattamento dei dati del presente sito web \u00e8 Jingold s.p.a.<\/p>\n<p><strong>Il Luogo del trattamento<\/strong><br \/>Il trattamento dei dati generato dall\u2019utilizzo del sito web ha luogo presso la sede legale del Titolare del Trattamento e\/o dai responsabili eventualmente nominati dal Titolare<\/p>\n<p>III. DATI TRATTATI<br \/>Dati di navigazione I sistemi preposti al funzionamento del sito Web acquisiscono, nel corso del loro normale esercizio, alcuni dati personali la cui trasmissione \u00e8 implicita nell\u2019uso dei protocolli di comunicazione di Internet. Si tratta di informazioni che non sono raccolte per essere associate a interessati identificati, ma che, per loro stessa natura, potrebbero, attraverso elaborazioni ed associazioni con dati detenuti da terzi, permettere di identificare gli utenti.<\/p>\n<ul>\n<li>Le informazioni raccolte potrebbero essere le seguenti:<\/li>\n<li>indirizzo internet protocol (IP);<\/li>\n<li>tipo di browser e parametri del dispositivo usato per connettersi al sito;<\/li>\n<li>nome dell\u2019internet service provider (ISP);<\/li>\n<li>data e orario di visita;<\/li>\n<li>pagina web di provenienza del visitatore (referral) e di uscita;<\/li>\n<li>eventualmente il numero di click.<\/li>\n<\/ul>\n<p>Tali informazioni sono trattate in forma automatizzata e raccolte in forma esclusivamente aggregata al fine di verificare il corretto funzionamento del sito e per motivi di sicurezza.<\/p>\n<p>Per motivi di sicurezza alcuni dati (come l\u2019indirizzo IP) potrebbero essere utilizzati, conformemente alle leggi vigenti in materia, anche per l\u2019accertamento di responsabilit\u00e0 in caso di ipotetici reati informatici ai danni del sito.<\/p>\n<p><strong>Dati forniti dall\u2019utente volontariamente<\/strong><br \/>Sono prevalentemente i seguenti: nome, cognome, indirizzo e-mail, data di nascita, indirizzo fisico, utenza cellulare. L\u2019inoltro facoltativo, esplicito e volontario, di dati attraverso posta elettronica\u00a0all\u2019indirizzo indicato su questo sito o tramite modulo d\u2019inserimento dati presente nel sito, comporta la successiva acquisizione dell\u2019indirizzo del mittente,\u00a0 necessario per rispondere alle richieste, nonch\u00e9 degli eventuali altri dati personali inseriti nella missiva.<\/p>\n<p><strong>Cookies<br \/><\/strong>Questo sito fa uso di cookies, piccole stringhe di testo utilizzate per memorizzare alcune informazioni che possono riguardare l\u2019utente, le sue preferenze o il dispositivo di accesso a Internet (computer, tablet o cellulare): vengono utilizzate principalmente per adeguare il funzionamento del sito alle aspettative dell\u2019utente, offrendo un\u2019esperienza di navigazione pi\u00f9 personalizzata e memorizzando le scelte effettuate in precedenza.<\/p>\n<p>Utilizzando il sito l\u2019utente acconsente espressamente all\u2019uso dei cookies.<\/p>\n<p>Questo sito, invece, non ha alcun controllo sui cookie delle terze parti, interamente gestiti da queste ultime.<\/p>\n<p><strong>Disabilitazione dei cookies<\/strong><br \/>Poich\u00e9 i cookies sono collegati al browser utilizzato, questi possono essere disabilitati direttamente dallo stesso, rifiutando o revocando il consenso al loro uso. Tuttavia la disabilitazione dei cookies potrebbe impedire il corretto utilizzo di alcune funzioni del sito.<\/p>\n<p>Le istruzioni per la disabilitazione dei cookies si trovano alle pagine web dei browser:<br \/>Mozilla Firefox \u2013 Microsoft Internet Explorer \u2013 Microsoft Edge \u2013 Google Chrome \u2013 Opera \u2013 Apple Safari<\/p>\n<p>IV. FINALITA\u2019 DEL TRATTAMENTO DEI DATI<br \/>I dati personali forniti, saranno oggetto di trattamento nel rispetto delle condizioni di liceit\u00e0 ex art. 6 Reg. UE 2016\/679 per le seguenti finalit\u00e0:<\/p>\n<ul>\n<li>navigazione sul presente sito web;<\/li>\n<li>eventuale compilazione di form di raccolta dati per l\u2019invio di una richiesta informazioni al titolare del trattamento;<\/li>\n<li>adempimento obblighi contrattuali, di legge e finalit\u00e0 amministrativo-contabile.<\/li>\n<\/ul>\n<p>Ai fini dell\u2019applicazione delle disposizioni in materia di protezione dei dati personali, i trattamenti effettuati per finalit\u00e0 amministrativo-contabili sono quelli connessi allo svolgimento delle attivit\u00e0 di natura organizzativa, amministrativa, finanziaria e contabile della Societ\u00e0.<\/p>\n<p>V. MODALIT\u00c0 DEL TRATTAMENTO<br \/><strong>Principi regolatori<\/strong><br \/>Il trattamento dei dati personali sar\u00e0 improntato ai principi di correttezza, liceit\u00e0, trasparenza ed essenzialit\u00e0 e sar\u00e0 eseguito nel massimo rispetto della limitazione delle finalit\u00e0 e della minima conservazione dei dati raccolti. La navigazione all\u2019interno del sito web, il trattamento manuale cartaceo e informatico-elettronico sono stati organizzati secondo i principi fondanti della disciplina in materia di data protection:<\/p>\n<ul>\n<li>principio di responsabilit\u00e0: il trattamento \u00e8 gestito da apposite figure di responsabilit\u00e0 individuate all\u2019interno dell\u2019organizzazione;<\/li>\n<li>principio di trasparenza: il tipo di trattamento che subisce il dato di contenuto e il dato elettronico viene indicato, in modo chiaro e immediato;<\/li>\n<li>principio di pertinenza della raccolta: i dati personali sono trattati in modo lecito e corretto; sono registrati per scopi determinati, espliciti e legittimi secondo le funzioni istituzionali della Societ\u00e0; sono pertinenti e non eccedenti le finalit\u00e0 del trattamento; sono conservati per il tempo necessario agli scopi della raccolta;<\/li>\n<li>principi di Limitazione della finalit\u00e0, di Minimizzazione dei dati e di Limitazione della conservazione: il periodo di trattamento e di conservazione dei dati personali viene limitato al minimo necessario. I dati personali vengono conservati solo se la finalit\u00e0 del trattamento non \u00e8 ragionevolmente conseguibile con altri mezzi. I dati personali vengono inoltre cancellati non appena esaurita la finalit\u00e0 del relativo utilizzo;<\/li>\n<li>principio di finalit\u00e0 dell\u2019utilizzo: le finalit\u00e0 del trattamento dei dati personali sono quelle gi\u00e0 indicate nell\u2019apposito paragrafo. Eventuali nuovi trattamenti di dati, se estranei agli scopi dichiarati, sono attivati solo previa nuova informativa all\u2019interessato;<\/li>\n<li>principio di verificabilit\u00e0: i dati personali sono esatti ed aggiornati nel tempo. Sono altres\u00ec organizzati e conservati in modo che sia data all\u2019interessato la possibilit\u00e0 di conoscere, se lo desidera, quali informazioni sono state raccolte e registrate, nonch\u00e9 di controllarne la qualit\u00e0 e richiederne l\u2019eventuale correzione, integrazione, deindicizzazione dai motori di ricerca, cancellazione per violazione di legge od opposizione al trattamento e di esercitare tutti gli altri diritti, ai sensi e nei limiti del Regolamento UE 2016\/679, mandando la richiesta alla seguente mail: <a href=\"mailto:info@jingold.it\">info@jingold.it<\/a><\/li>\n<li>principio di sicurezza: i dati personali sono protetti da misure di sicurezza tecniche, informatiche, organizzative, logistiche e procedurali, contro i rischi di distruzione o perdita, anche accidentale e di accesso non autorizzato o di trattamento non consentito. Tali misure sono aggiornate periodicamente in base al progresso tecnico, alla natura dei dati e alle specifiche caratteristiche del trattamento, controllate costantemente e verificate nel tempo.<\/li>\n<\/ul>\n<p><strong>Modalit\u00e0 del trattamento<\/strong><br \/>I dati vengono raccolti secondo due modalit\u00e0: registrazione manuale diretta tra un dipendente e\/o rappresentante e l\u2019utente registrazione tramite e.mail e sito web www.jingold.it e corporate.jingold.it<\/p>\n<p>I trattamenti potranno essere effettuati con strumenti cartacei e\/o digitali, sempre garantendo la pi\u00f9 assoluta riservatezza, pertinenza e non eccedenza rispetto alle finalit\u00e0 innanzi descritte. Il Titolare del trattamento non si assume alcuna responsabilit\u00e0 sulle regole e modalit\u00e0 di gestione dei dati personali adottate dai siti web estranei a quello della Societ\u00e0 Jingold s.p.a. ma raggiungibili dalle pagine digitali attraverso collegamenti e rimandi.<\/p>\n<p>VI. DIRITTI DELL\u2019UTENTE<br \/>L\u2019utente pu\u00f2, secondo le modalit\u00e0 e nei limiti previsti dalla vigente normativa, conoscere i dati trattati e, ove ne ricorrano le condizioni, esercitare i diversi diritti relativi al loro utilizzo (diritto di accesso, rettifica, aggiornamento, integrazione, cancellazione, limitazione al trattamento, alla portabilit\u00e0, alla revoca del consenso al trattamento, diritto di ottenere una copia dei propri dati laddove questi siano conservati in paesi al di fuori dell\u2019Unione Europea, nonch\u00e9 di ottenere indicazione del luogo nel quale tali dati vengono conservati o trasferiti), nonch\u00e9 opporsi per motivi legittimi ad un loro particolare trattamento e comunque al loro uso a fini commerciali, in tutto o in parte, anche per quanto riguarda l\u2019uso di modalit\u00e0 automatizzate. Eventuali richieste vanno rivolte al Titolare del trattamento inviando mail all\u2019indirizzo\u00a0<a href=\"mailto:info@jingold.it\">info@jingold.it<\/a>.<\/p>\n<p>VII. COMUNICAZIONE A PAESI EXTRA UE E ORGANIZZAZIONI INTERNAZIONALI<br \/>Il trattamento dei dati potr\u00e0 consistere anche in una loro comunicazione all\u2019estero sia all\u2019interno che all\u2019esterno dell\u2019Unione Europea nell\u2019ambito di finalit\u00e0 volte a favorire il commercio internazionale e sar\u00e0 limitato ai dati strettamente necessari. Si avverte che la comunicazione dei dati trattati verso Paesi terzi EXTRA UE o a organizzazioni internazionali avviene esclusivamente quando sussista almeno una delle seguenti condizioni: esistono norme vincolanti di impresa; esiste il legittimo interesse del titolare del trattamento.<\/p>\n<p>VIII. DATA BREACH<br \/>In caso di perdita dei dati dell\u2019interessato (caso del Data Breach), la Societ\u00e0 Jingold s.p.a. provveder\u00e0 a darne immediatamente comunicazione a quest\u2019ultimo e alle competenti Autorit\u00e0.<\/p>\n<p>IX. MODIFICHE AL PRESENTE DOCUMENTO<br \/>Il presente documento pu\u00f2 essere in qualsiasi momento modificato e\/o aggiornato. L\u2019utente \u00e8 tenuto a verificare periodicamente le eventuali modifiche: al fine di facilitare tale verifica, l\u2019informativa contiene l\u2019indicazione della data di aggiornamento. Nel caso di modifiche e\/o aggiornamenti rilevanti si proceder\u00e0 alla loro segnalazione con apposite notifiche all\u2019utente. L\u2019utilizzo del sito dopo la pubblicazione delle modifiche costituir\u00e0 accettazione delle stesse.<\/p>\t\t\t\t\t\t\t\t<\/div>\n\t\t\t\t<\/div>\n\t\t\t\t<\/div>","protected":false},"excerpt":{"rendered":"<p>Policy Data Protection Regolamento UE 2016\/679 Societ\u00e0 Jingold s.p.a. \u00a0 I. INFORMAZIONI RELATIVE ALLA PRIVACY POLICY DEL SITOIn questo documento [&hellip;]<\/p>\n","protected":false},"author":1,"featured_media":0,"parent":0,"menu_order":0,"comment_status":"closed","ping_status":"closed","template":"elementor_header_footer","meta":{"_acf_changed":false,"site-sidebar-layout":"default","site-content-layout":"","ast-site-content-layout":"","site-content-style":"default","site-sidebar-style":"default","ast-global-header-display":"","ast-banner-title-visibility":"","ast-main-header-display":"","ast-hfb-above-header-display":"","ast-hfb-below-header-display":"","ast-hfb-mobile-header-display":"","site-post-title":"","ast-breadcrumbs-content":"","ast-featured-img":"","footer-sml-layout":"","theme-transparent-header-meta":"","adv-header-id-meta":"","stick-header-meta":"","header-above-stick-meta":"","header-main-stick-meta":"","header-below-stick-meta":"","astra-migrate-meta-layouts":"default","ast-page-background-enabled":"default","ast-page-background-meta":{"desktop":{"background-color":"var(--ast-global-color-5)","background-image":"","background-repeat":"repeat","background-position":"center center","background-size":"auto","background-attachment":"scroll","background-type":"","background-media":"","overlay-type":"","overlay-color":"","overlay-opacity":"","overlay-gradient":""},"tablet":{"background-color":"","background-image":"","background-repeat":"repeat","background-position":"center center","background-size":"auto","background-attachment":"scroll","background-type":"","background-media":"","overlay-type":"","overlay-color":"","overlay-opacity":"","overlay-gradient":""},"mobile":{"background-color":"","background-image":"","background-repeat":"repeat","background-position":"center center","background-size":"auto","background-attachment":"scroll","background-type":"","background-media":"","overlay-type":"","overlay-color":"","overlay-opacity":"","overlay-gradient":""}},"ast-content-background-meta":{"desktop":{"background-color":"var(--ast-global-color-4)","background-image":"","background-repeat":"repeat","background-position":"center center","background-size":"auto","background-attachment":"scroll","background-type":"","background-media":"","overlay-type":"","overlay-color":"","overlay-opacity":"","overlay-gradient":""},"tablet":{"background-color":"var(--ast-global-color-4)","background-image":"","background-repeat":"repeat","background-position":"center center","background-size":"auto","background-attachment":"scroll","background-type":"","background-media":"","overlay-type":"","overlay-color":"","overlay-opacity":"","overlay-gradient":""},"mobile":{"background-color":"var(--ast-global-color-4)","background-image":"","background-repeat":"repeat","background-position":"center center","background-size":"auto","background-attachment":"scroll","background-type":"","background-media":"","overlay-type":"","overlay-color":"","overlay-opacity":"","overlay-gradient":""}},"footnotes":""},"class_list":["post-3","page","type-page","status-publish","hentry"],"acf":[],"yoast_head":"<!-- This site is optimized with the Yoast SEO plugin v26.9 - https:\/\/yoast.com\/product\/yoast-seo-wordpress\/ -->\n<title>Privacy Policy - Jingold<\/title>\n<meta name=\"robots\" content=\"noindex, follow, max-snippet:-1, max-image-preview:large, max-video-preview:-1\" \/>\n<meta property=\"og:locale\" content=\"fr_FR\" \/>\n<meta property=\"og:type\" content=\"article\" \/>\n<meta property=\"og:title\" content=\"Privacy Policy - Jingold\" \/>\n<meta property=\"og:description\" content=\"Policy Data Protection Regolamento UE 2016\/679 Societ\u00e0 Jingold s.p.a. \u00a0 I. INFORMAZIONI RELATIVE ALLA PRIVACY POLICY DEL SITOIn questo documento [&hellip;]\" \/>\n<meta property=\"og:url\" content=\"https:\/\/jingold.do.devhoop.com\/fr\/politique-de-confidentialite\/\" \/>\n<meta property=\"og:site_name\" content=\"Jingold\" \/>\n<meta property=\"article:modified_time\" content=\"2026-03-12T09:34:31+00:00\" \/>\n<meta name=\"twitter:card\" content=\"summary_large_image\" \/>\n<meta name=\"twitter:label1\" content=\"Dur\u00e9e de lecture estim\u00e9e\" \/>\n\t<meta name=\"twitter:data1\" content=\"8 minutes\" \/>\n<script type=\"application\/ld+json\" class=\"yoast-schema-graph\">{\"@context\":\"https:\/\/schema.org\",\"@graph\":[{\"@type\":\"WebPage\",\"@id\":\"https:\/\/jingold.do.devhoop.com\/privacy-policy\/\",\"url\":\"https:\/\/jingold.do.devhoop.com\/privacy-policy\/\",\"name\":\"Privacy Policy - Jingold\",\"isPartOf\":{\"@id\":\"https:\/\/jingold.do.devhoop.com\/#website\"},\"datePublished\":\"2026-02-06T08:58:04+00:00\",\"dateModified\":\"2026-03-12T09:34:31+00:00\",\"breadcrumb\":{\"@id\":\"https:\/\/jingold.do.devhoop.com\/privacy-policy\/#breadcrumb\"},\"inLanguage\":\"fr-FR\",\"potentialAction\":[{\"@type\":\"ReadAction\",\"target\":[\"https:\/\/jingold.do.devhoop.com\/privacy-policy\/\"]}]},{\"@type\":\"BreadcrumbList\",\"@id\":\"https:\/\/jingold.do.devhoop.com\/privacy-policy\/#breadcrumb\",\"itemListElement\":[{\"@type\":\"ListItem\",\"position\":1,\"name\":\"Home\",\"item\":\"https:\/\/jingold.do.devhoop.com\/\"},{\"@type\":\"ListItem\",\"position\":2,\"name\":\"Privacy Policy\"}]},{\"@type\":\"WebSite\",\"@id\":\"https:\/\/jingold.do.devhoop.com\/#website\",\"url\":\"https:\/\/jingold.do.devhoop.com\/\",\"name\":\"Jingold\",\"description\":\"Kiwi giallo, rosso e verde\",\"publisher\":{\"@id\":\"https:\/\/jingold.do.devhoop.com\/#organization\"},\"potentialAction\":[{\"@type\":\"SearchAction\",\"target\":{\"@type\":\"EntryPoint\",\"urlTemplate\":\"https:\/\/jingold.do.devhoop.com\/?s={search_term_string}\"},\"query-input\":{\"@type\":\"PropertyValueSpecification\",\"valueRequired\":true,\"valueName\":\"search_term_string\"}}],\"inLanguage\":\"fr-FR\"},{\"@type\":\"Organization\",\"@id\":\"https:\/\/jingold.do.devhoop.com\/#organization\",\"name\":\"Jingold\",\"url\":\"https:\/\/jingold.do.devhoop.com\/\",\"logo\":{\"@type\":\"ImageObject\",\"inLanguage\":\"fr-FR\",\"@id\":\"https:\/\/jingold.do.devhoop.com\/#\/schema\/logo\/image\/\",\"url\":\"https:\/\/jingold.do.devhoop.com\/wp-content\/uploads\/2026\/02\/LOGO-7.png\",\"contentUrl\":\"https:\/\/jingold.do.devhoop.com\/wp-content\/uploads\/2026\/02\/LOGO-7.png\",\"width\":309,\"height\":85,\"caption\":\"Jingold\"},\"image\":{\"@id\":\"https:\/\/jingold.do.devhoop.com\/#\/schema\/logo\/image\/\"}}]}<\/script>\n<!-- \/ Yoast SEO plugin. -->","yoast_head_json":{"title":"Politique de confidentialit\u00e9 - Jingold","robots":{"index":"noindex","follow":"follow","max-snippet":"max-snippet:-1","max-image-preview":"max-image-preview:large","max-video-preview":"max-video-preview:-1"},"og_locale":"fr_FR","og_type":"article","og_title":"Privacy Policy - Jingold","og_description":"Policy Data Protection Regolamento UE 2016\/679 Societ\u00e0 Jingold s.p.a. \u00a0 I. INFORMAZIONI RELATIVE ALLA PRIVACY POLICY DEL SITOIn questo documento [&hellip;]","og_url":"https:\/\/jingold.do.devhoop.com\/fr\/politique-de-confidentialite\/","og_site_name":"Jingold","article_modified_time":"2026-03-12T09:34:31+00:00","twitter_card":"summary_large_image","twitter_misc":{"Dur\u00e9e de lecture estim\u00e9e":"8 minutes"},"schema":{"@context":"https:\/\/schema.org","@graph":[{"@type":"WebPage","@id":"https:\/\/jingold.do.devhoop.com\/privacy-policy\/","url":"https:\/\/jingold.do.devhoop.com\/privacy-policy\/","name":"Politique de confidentialit\u00e9 - Jingold","isPartOf":{"@id":"https:\/\/jingold.do.devhoop.com\/#website"},"datePublished":"2026-02-06T08:58:04+00:00","dateModified":"2026-03-12T09:34:31+00:00","breadcrumb":{"@id":"https:\/\/jingold.do.devhoop.com\/privacy-policy\/#breadcrumb"},"inLanguage":"fr-FR","potentialAction":[{"@type":"ReadAction","target":["https:\/\/jingold.do.devhoop.com\/privacy-policy\/"]}]},{"@type":"BreadcrumbList","@id":"https:\/\/jingold.do.devhoop.com\/privacy-policy\/#breadcrumb","itemListElement":[{"@type":"ListItem","position":1,"name":"Home","item":"https:\/\/jingold.do.devhoop.com\/"},{"@type":"ListItem","position":2,"name":"Privacy Policy"}]},{"@type":"WebSite","@id":"https:\/\/jingold.do.devhoop.com\/#website","url":"https:\/\/jingold.do.devhoop.com\/","name":"Jingold","description":"Kiwi jaune, rouge et vert","publisher":{"@id":"https:\/\/jingold.do.devhoop.com\/#organization"},"potentialAction":[{"@type":"SearchAction","target":{"@type":"EntryPoint","urlTemplate":"https:\/\/jingold.do.devhoop.com\/?s={search_term_string}"},"query-input":{"@type":"PropertyValueSpecification","valueRequired":true,"valueName":"search_term_string"}}],"inLanguage":"fr-FR"},{"@type":"Organization","@id":"https:\/\/jingold.do.devhoop.com\/#organization","name":"Jingold","url":"https:\/\/jingold.do.devhoop.com\/","logo":{"@type":"ImageObject","inLanguage":"fr-FR","@id":"https:\/\/jingold.do.devhoop.com\/#\/schema\/logo\/image\/","url":"https:\/\/jingold.do.devhoop.com\/wp-content\/uploads\/2026\/02\/LOGO-7.png","contentUrl":"https:\/\/jingold.do.devhoop.com\/wp-content\/uploads\/2026\/02\/LOGO-7.png","width":309,"height":85,"caption":"Jingold"},"image":{"@id":"https:\/\/jingold.do.devhoop.com\/#\/schema\/logo\/image\/"}}]}},"_links":{"self":[{"href":"https:\/\/jingold.do.devhoop.com\/fr\/wp-json\/wp\/v2\/pages\/3","targetHints":{"allow":["GET"]}}],"collection":[{"href":"https:\/\/jingold.do.devhoop.com\/fr\/wp-json\/wp\/v2\/pages"}],"about":[{"href":"https:\/\/jingold.do.devhoop.com\/fr\/wp-json\/wp\/v2\/types\/page"}],"author":[{"embeddable":true,"href":"https:\/\/jingold.do.devhoop.com\/fr\/wp-json\/wp\/v2\/users\/1"}],"replies":[{"embeddable":true,"href":"https:\/\/jingold.do.devhoop.com\/fr\/wp-json\/wp\/v2\/comments?post=3"}],"version-history":[{"count":10,"href":"https:\/\/jingold.do.devhoop.com\/fr\/wp-json\/wp\/v2\/pages\/3\/revisions"}],"predecessor-version":[{"id":3077,"href":"https:\/\/jingold.do.devhoop.com\/fr\/wp-json\/wp\/v2\/pages\/3\/revisions\/3077"}],"wp:attachment":[{"href":"https:\/\/jingold.do.devhoop.com\/fr\/wp-json\/wp\/v2\/media?parent=3"}],"curies":[{"name":"wp","href":"https:\/\/api.w.org\/{rel}","templated":true}]}}