{"id":3,"date":"2026-02-06T08:58:04","date_gmt":"2026-02-06T08:58:04","guid":{"rendered":"http:\/\/jingold.do.devhoop.com\/?page_id=3"},"modified":"2026-03-12T09:34:31","modified_gmt":"2026-03-12T09:34:31","slug":"politica-de-privacidad","status":"publish","type":"page","link":"https:\/\/jingold.do.devhoop.com\/es\/privacy-policy\/","title":{"rendered":"Pol\u00edtica de Privacidad"},"content":{"rendered":"<div data-elementor-type=\"wp-page\" data-elementor-id=\"3\" class=\"elementor elementor-3\" data-elementor-post-type=\"page\">\n\t\t\t\t<div class=\"elementor-element elementor-element-f5074f4 e-con-full e-flex e-con e-parent\" data-id=\"f5074f4\" data-element_type=\"container\" data-e-type=\"container\">\n\t\t\t\t<div class=\"elementor-element elementor-element-6810d757 elementor-widget elementor-widget-text-editor\" data-id=\"6810d757\" data-element_type=\"widget\" data-e-type=\"widget\" data-widget_type=\"text-editor.default\">\n\t\t\t\t\t\t\t\t\t\n<h2 class=\"wp-block-heading\"><strong>Pol\u00edtica de Protecci\u00f3n de Datos Reglamento UE 2016\/679 Societ\u00e0 Jingold s.p.a.<\/strong><\/h2>\n<p>\u00a0<\/p>\n<p>I. INFORMACI\u00d3N RELATIVA A LA POL\u00cdTICA DE PRIVACIDAD DEL SITIO<br \/>En este documento se proporciona la informaci\u00f3n necesaria relativa a las modalidades, los plazos y la naturaleza del tratamiento de los datos personales adquiridos a trav\u00e9s de la consulta de los sitios web www.Jingold.it y corporate.jingold.it. La informaci\u00f3n se proporciona exclusivamente para las actividades online del presente sitio web y es v\u00e1lida para sus usuarios. Por otra parte, no se aplica a otros sitios web que el usuario pueda consultar a trav\u00e9s de enlaces. En caso de que el usuario sea menor de 16 a\u00f1os, de conformidad con lo dispuesto en el art\u00edculo 8, apartado 1, del Reglamento UE 2016\/679, deber\u00e1 legitimar su consentimiento a trav\u00e9s de la autorizaci\u00f3n de los padres o de quienes act\u00faen en su nombre.<\/p>\n<p>II. TRATAMIENTO DE DATOS<br \/><strong>El Interesado<\/strong><br \/>El interesado en los tratamientos de datos de esta Sociedad puede estar representado por varias figuras: cliente, proveedor, el solicitante de informaci\u00f3n, el usuario que visita el sitio web.<\/p>\n<p><strong>El responsable del tratamiento<\/strong><br \/>El responsable del tratamiento es la persona f\u00edsica o jur\u00eddica, la autoridad p\u00fablica, el servicio u otro organismo que, individual o conjuntamente con otros, determina los fines y los medios del tratamiento de datos personales. En relaci\u00f3n con el presente sitio web, el responsable del tratamiento de los datos proporcionados es Jingold s.p.a. con domicilio social en Cesena, via F. Turati, 650, NIF n. 04030080404, Tel\u00e9fono: +39 0547 317476 \u2013 correo electr\u00f3nico:\u00a0<a href=\"mailto:info@jingold.it\">info@jingold.it<\/a>, PEC\u00a0<a href=\"mailto:jingoldspa@legalmail.it\">jingoldspa@legalmail.it<\/a>.<\/p>\n<p><strong>El Tratamiento y el Dato personal<\/strong><br \/>Por tratamiento se entender\u00e1 cualquier operaci\u00f3n o conjunto de operaciones, efectuadas con o sin ayuda de procedimientos automatizados y aplicadas a datos personales o a conjuntos de datos personales, como la recogida, registro, organizaci\u00f3n, estructuraci\u00f3n, conservaci\u00f3n, adaptaci\u00f3n o modificaci\u00f3n, extracci\u00f3n, consulta, utilizaci\u00f3n, comunicaci\u00f3n por transmisi\u00f3n, difusi\u00f3n o cualquier otra forma de habilitaci\u00f3n de acceso, comparaci\u00f3n o interconexi\u00f3n, limitaci\u00f3n, supresi\u00f3n o destrucci\u00f3n, tal como se especifica con m\u00e1s detalle en el art\u00edculo 4 del Reg. UE 679\/2016 al que se hace referencia. Por datos personales se entender\u00e1 cualquier informaci\u00f3n relativa a una persona f\u00edsica identificada o identificable (interesado); por persona identificable se entender\u00e1 una persona f\u00edsica que pueda ser identificada, directa o indirectamente, en particular mediante un identificador, como un nombre, un n\u00famero de identificaci\u00f3n, datos de localizaci\u00f3n, un identificador en l\u00ednea o uno o varios elementos caracter\u00edsticos de su identidad f\u00edsica, fisiol\u00f3gica, gen\u00e9tica, ps\u00edquica, econ\u00f3mica, cultural o social, tal como se especifica mejor en el art. 4 del Reg. UE 679\/2016 al que se hace referencia.<\/p>\n<p><strong>El Responsable del tratamiento<\/strong><br \/>El responsable del tratamiento es la persona f\u00edsica o jur\u00eddica, la autoridad p\u00fablica, el servicio o cualquier otro organismo que trate datos personales por cuenta del responsable del tratamiento.<\/p>\n<p>De conformidad con el art\u00edculo 28 del Reglamento UE n.\u00ba 2016\/679, previa designaci\u00f3n por parte del responsable del tratamiento, el encargado del tratamiento de los datos del presente sitio web es Jingold s.p.a.<\/p>\n<p><strong>El lugar del tratamiento<\/strong><br \/>El tratamiento de los datos generados por el uso del sitio web se lleva a cabo en la sede legal del Responsable del Tratamiento y\/o por los encargados que \u00e9ste designe.<\/p>\n<p>III. DATOS PROCESADOS<br \/>Datos de navegaci\u00f3n Los sistemas responsables del funcionamiento del sitio web adquieren, en el curso de su normal funcionamiento, algunos datos personales cuya transmisi\u00f3n est\u00e1 impl\u00edcita en el uso de los protocolos de comunicaci\u00f3n de Internet. Se trata de informaci\u00f3n que no se recoge para ser asociada a interesados identificados, pero que, por su propia naturaleza, podr\u00eda, a trav\u00e9s de elaboraciones y asociaciones con datos en poder de terceros, permitir la identificaci\u00f3n de los usuarios.<\/p>\n<ul>\n<li>La informaci\u00f3n recopilada podr\u00eda ser la siguiente:<\/li>\n<li>direcci\u00f3n de protocolo de internet (IP);<\/li>\n<li>tipo de navegador y par\u00e1metros del dispositivo utilizado para conectarse al sitio;<\/li>\n<li>nombre del proveedor de servicios de Internet (ISP);<\/li>\n<li>fecha y hora de visita;<\/li>\n<li>p\u00e1gina web de origen del visitante (referencia) y de salida;<\/li>\n<li>eventualmente el n\u00famero de clics.<\/li>\n<\/ul>\n<p>Esta informaci\u00f3n se procesa de forma automatizada y se recopila de forma exclusivamente agregada para verificar el correcto funcionamiento del sitio y por motivos de seguridad.<\/p>\n<p>Por motivos de seguridad, algunos datos (como la direcci\u00f3n IP) podr\u00edan utilizarse, de conformidad con las leyes vigentes al respecto, tambi\u00e9n para determinar responsabilidades en caso de hipot\u00e9ticos delitos inform\u00e1ticos contra el sitio.<\/p>\n<p><strong>Datos proporcionados voluntariamente por el usuario<\/strong><br \/>Son predominantemente los siguientes: nombre, apellido, direcci\u00f3n de correo electr\u00f3nico, fecha de nacimiento, direcci\u00f3n f\u00edsica, n\u00famero de tel\u00e9fono m\u00f3vil. El env\u00edo opcional, expl\u00edcito y voluntario de datos a trav\u00e9s de correo electr\u00f3nico a la direcci\u00f3n indicada en este sitio o mediante el formulario de ingreso de datos presente en el sitio, implica la posterior adquisici\u00f3n de la direcci\u00f3n del remitente, necesaria para responder a las solicitudes, as\u00ed como de cualesquiera otros datos personales insertados en la misiva.<\/p>\n<p><strong>Galletas<br \/><\/strong>Este sitio web utiliza cookies, peque\u00f1as cadenas de texto utilizadas para almacenar cierta informaci\u00f3n que puede referirse al usuario, sus preferencias o el dispositivo de acceso a Internet (computadora, tableta o tel\u00e9fono m\u00f3vil): se utilizan principalmente para adaptar el funcionamiento del sitio a las expectativas del usuario, ofreciendo una experiencia de navegaci\u00f3n m\u00e1s personalizada y recordando las elecciones realizadas anteriormente.<\/p>\n<p>Al utilizar el sitio, el usuario consiente expresamente el uso de cookies.<\/p>\n<p>Este sitio, en cambio, no tiene ning\u00fan control sobre las cookies de terceros, gestionadas \u00edntegramente por estos \u00faltimos.<\/p>\n<p><strong>Desactivaci\u00f3n de las cookies<\/strong><br \/>Dado que las cookies est\u00e1n vinculadas al navegador utilizado, estas pueden ser deshabilitadas directamente por el mismo, rechazando o revocando el consentimiento para su uso. Sin embargo, la deshabilitaci\u00f3n de las cookies podr\u00eda impedir el correcto uso de algunas funciones del sitio.<\/p>\n<p>Las instrucciones para deshabilitar las cookies se encuentran en las p\u00e1ginas web de los navegadores:<br \/>Mozilla Firefox \u2013 Microsoft Internet Explorer \u2013 Microsoft Edge \u2013 Google Chrome \u2013 Opera \u2013 Apple Safari<\/p>\n<p>IV. FINALIDAD DEL TRATAMIENTO DE DATOS<br \/>Los datos personales proporcionados, ser\u00e1n tratados de acuerdo con las condiciones de legalidad seg\u00fan el art. 6 del Reglamento UE 2016\/679 para las siguientes finalidades:<\/p>\n<ul>\n<li>navegaci\u00f3n por este sitio web;<\/li>\n<li>posible cumplimentaci\u00f3n de formularios de recopilaci\u00f3n de datos para el env\u00edo de una solicitud de informaci\u00f3n al responsable del tratamiento;<\/li>\n<li>cumplimiento de obligaciones contractuales, legales y fines administrativos-contables.<\/li>\n<\/ul>\n<p>A los efectos de la aplicaci\u00f3n de las disposiciones en materia de protecci\u00f3n de datos personales, los tratamientos efectuados con fines administrativo-contables son aquellos relacionados con el desempe\u00f1o de las actividades de naturaleza organizativa, administrativa, financiera y contable de la Sociedad.<\/p>\n<p>V. MODALIDADES DE TRATAMIENTO<br \/><strong>Principios reguladores<\/strong><br \/>El tratamiento de los datos personales se basar\u00e1 en los principios de correcci\u00f3n, legalidad, transparencia y esencialidad y se llevar\u00e1 a cabo respetando al m\u00e1ximo la limitaci\u00f3n de las finalidades y la minimizaci\u00f3n de la conservaci\u00f3n de los datos recogidos. La navegaci\u00f3n dentro del sitio web, el tratamiento manual en papel y el inform\u00e1tico-electr\u00f3nico se han organizado seg\u00fan los principios fundamentales de la disciplina en materia de protecci\u00f3n de datos:<\/p>\n<ul>\n<li>principio de responsabilidad: el tratamiento est\u00e1 a cargo de personal responsable espec\u00edfico, identificado dentro de la organizaci\u00f3n;<\/li>\n<li>principio di trasparenza: il tipo di trattamento che subisce il dato di contenuto e il dato elettronico viene indicato, in modo chiaro e immediato;<\/li>\n<li>principio de pertinencia de la recopilaci\u00f3n: los datos personales se tratan de forma l\u00edcita y correcta; se registran para fines determinados, expl\u00edcitos y leg\u00edtimos de acuerdo con las funciones institucionales de la Sociedad; son pertinentes y no exceden los fines del tratamiento; se conservan durante el tiempo necesario para los fines de la recopilaci\u00f3n;<\/li>\n<li>principios de Limitaci\u00f3n de la finalidad, Minimizaci\u00f3n de datos y Limitaci\u00f3n del plazo de conservaci\u00f3n: el per\u00edodo de tratamiento y conservaci\u00f3n de los datos personales se limita a lo m\u00ednimo necesario. Los datos personales solo se conservan si la finalidad del tratamiento no se puede conseguir razonablemente por otros medios. Los datos personales se suprimen adem\u00e1s tan pronto como ha expirado la finalidad de su uso;<\/li>\n<li>principio de finalidad del uso: las finalidades del tratamiento de los datos personales son las ya indicadas en el p\u00e1rrafo correspondiente. Cualquier nuevo tratamiento de datos, si es ajeno a los fines declarados, solo se activa previa nueva informaci\u00f3n al interesado;<\/li>\n<li>Principio de verificabilidad: los datos personales son exactos y se mantienen actualizados a lo largo del tiempo. Asimismo, se organizan y conservan de tal manera que se otorga al interesado la posibilidad de conocer, si lo desea, qu\u00e9 informaci\u00f3n se ha recopilado y registrado, as\u00ed como de controlar su calidad y solicitar su eventual correcci\u00f3n, integraci\u00f3n, desindexaci\u00f3n de los motores de b\u00fasqueda, supresi\u00f3n por infracci\u00f3n de ley u oposici\u00f3n al tratamiento y de ejercer todos los dem\u00e1s derechos, de conformidad y dentro de los l\u00edmites del Reglamento UE 2016\/679, enviando la solicitud a la siguiente direcci\u00f3n de correo electr\u00f3nico: <a href=\"mailto:info@jingold.it\">info@jingold.it<\/a><\/li>\n<li>Principio de seguridad: los datos personales se protegen mediante medidas de seguridad t\u00e9cnicas, inform\u00e1ticas, organizativas, log\u00edsticas y de procedimiento, contra los riesgos de destrucci\u00f3n o p\u00e9rdida, incluso accidentales, y de acceso no autorizado o tratamiento no permitido. Dichas medidas se actualizan peri\u00f3dicamente en funci\u00f3n del progreso t\u00e9cnico, la naturaleza de los datos y las caracter\u00edsticas espec\u00edficas del tratamiento, se controlan constantemente y se verifican con el tiempo.<\/li>\n<\/ul>\n<p><strong>Modalidades de tratamiento<\/strong><br \/>Los datos se recopilan de dos maneras: registro manual directo entre un empleado y\/o representante y el usuario, y registro por correo electr\u00f3nico y sitio web www.jingold.it y corporate.jingold.it.<\/p>\n<p>Los tratamientos podr\u00e1n realizarse con herramientas en papel y\/o digitales, garantizando siempre la m\u00e1s absoluta confidencialidad, pertinencia y no exceso respecto a las finalidades descritas anteriormente. El Responsable del tratamiento no asume ninguna responsabilidad sobre las reglas y modalidades de gesti\u00f3n de los datos personales adoptadas por los sitios web ajenos al de la Sociedad Jingold s.p.a. pero accesibles desde las p\u00e1ginas digitales a trav\u00e9s de enlaces y referencias.<\/p>\n<p>VI. DERECHOS DEL USUARIO<br \/>El usuario puede, seg\u00fan los procedimientos y l\u00edmites previstos por la normativa vigente, conocer los datos tratados y, si se dan las condiciones, ejercer los distintos derechos relativos a su uso (derecho de acceso, rectificaci\u00f3n, actualizaci\u00f3n, integraci\u00f3n, cancelaci\u00f3n, limitaci\u00f3n del tratamiento, portabilidad, revocaci\u00f3n del consentimiento al tratamiento, derecho a obtener una copia de sus datos cuando estos se conserven en pa\u00edses fuera de la Uni\u00f3n Europea, as\u00ed como a obtener indicaci\u00f3n del lugar donde dichos datos se conservan o transfieren), as\u00ed como oponerse por motivos leg\u00edtimos a un tratamiento particular de los mismos y, en cualquier caso, a su uso con fines comerciales, en su totalidad o en parte, incluso en lo que respecta al uso de m\u00e9todos automatizados. Cualquier solicitud debe dirigirse al Responsable del tratamiento enviando un correo electr\u00f3nico a la direcci\u00f3n\u00a0<a href=\"mailto:info@jingold.it\">info@jingold.it<\/a>.<\/p>\n<p>VII. COMUNICACI\u00d3N A PA\u00cdSES NO UE Y ORGANIZACIONES INTERNACIONALES<br \/>El tratamiento de los datos podr\u00e1 consistir tambi\u00e9n en su comunicaci\u00f3n al extranjero tanto dentro como fuera de la Uni\u00f3n Europea en el marco de fines dirigidos a favorecer el comercio internacional y se limitar\u00e1 a los datos estrictamente necesarios. Se advierte que la comunicaci\u00f3n de los datos tratados a pa\u00edses terceros FUERA DE LA UE u a organizaciones internacionales se realiza exclusivamente cuando exista al menos una de las siguientes condiciones: existen normas vinculantes de empresa; existe el inter\u00e9s leg\u00edtimo del responsable del tratamiento.<\/p>\n<p>VIII. VIOLACI\u00d3N DE DATOS<br \/>En caso de una p\u00e9rdida de datos del interesado (caso de violaci\u00f3n de datos), la Sociedad Jingold S.p.A. proceder\u00e1 a comunicarlo inmediatamente a este \u00faltimo y a las Autoridades competentes.<\/p>\n<p>IX. MODIFICACIONES AL PRESENTE DOCUMENTO<br \/>El presente documento puede ser modificado y\/o actualizado en cualquier momento. El usuario est\u00e1 obligado a verificar peri\u00f3dicamente las posibles modificaciones: con el fin de facilitar dicha verificaci\u00f3n, el aviso contiene la indicaci\u00f3n de la fecha de actualizaci\u00f3n. En caso de modificaciones y\/o actualizaciones relevantes, se proceder\u00e1 a su notificaci\u00f3n con avisos espec\u00edficos al usuario. El uso del sitio web despu\u00e9s de la publicaci\u00f3n de las modificaciones constituir\u00e1 la aceptaci\u00f3n de las mismas.<\/p>\t\t\t\t\t\t\t\t<\/div>\n\t\t\t\t<\/div>\n\t\t\t\t<\/div>","protected":false},"excerpt":{"rendered":"<p>Policy Data Protection Regolamento UE 2016\/679 Societ\u00e0 Jingold s.p.a. \u00a0 I. INFORMAZIONI RELATIVE ALLA PRIVACY POLICY DEL SITOIn questo documento [&hellip;]<\/p>\n","protected":false},"author":1,"featured_media":0,"parent":0,"menu_order":0,"comment_status":"closed","ping_status":"closed","template":"elementor_header_footer","meta":{"_acf_changed":false,"site-sidebar-layout":"default","site-content-layout":"","ast-site-content-layout":"","site-content-style":"default","site-sidebar-style":"default","ast-global-header-display":"","ast-banner-title-visibility":"","ast-main-header-display":"","ast-hfb-above-header-display":"","ast-hfb-below-header-display":"","ast-hfb-mobile-header-display":"","site-post-title":"","ast-breadcrumbs-content":"","ast-featured-img":"","footer-sml-layout":"","theme-transparent-header-meta":"","adv-header-id-meta":"","stick-header-meta":"","header-above-stick-meta":"","header-main-stick-meta":"","header-below-stick-meta":"","astra-migrate-meta-layouts":"default","ast-page-background-enabled":"default","ast-page-background-meta":{"desktop":{"background-color":"var(--ast-global-color-5)","background-image":"","background-repeat":"repeat","background-position":"center center","background-size":"auto","background-attachment":"scroll","background-type":"","background-media":"","overlay-type":"","overlay-color":"","overlay-opacity":"","overlay-gradient":""},"tablet":{"background-color":"","background-image":"","background-repeat":"repeat","background-position":"center center","background-size":"auto","background-attachment":"scroll","background-type":"","background-media":"","overlay-type":"","overlay-color":"","overlay-opacity":"","overlay-gradient":""},"mobile":{"background-color":"","background-image":"","background-repeat":"repeat","background-position":"center center","background-size":"auto","background-attachment":"scroll","background-type":"","background-media":"","overlay-type":"","overlay-color":"","overlay-opacity":"","overlay-gradient":""}},"ast-content-background-meta":{"desktop":{"background-color":"var(--ast-global-color-4)","background-image":"","background-repeat":"repeat","background-position":"center center","background-size":"auto","background-attachment":"scroll","background-type":"","background-media":"","overlay-type":"","overlay-color":"","overlay-opacity":"","overlay-gradient":""},"tablet":{"background-color":"var(--ast-global-color-4)","background-image":"","background-repeat":"repeat","background-position":"center center","background-size":"auto","background-attachment":"scroll","background-type":"","background-media":"","overlay-type":"","overlay-color":"","overlay-opacity":"","overlay-gradient":""},"mobile":{"background-color":"var(--ast-global-color-4)","background-image":"","background-repeat":"repeat","background-position":"center center","background-size":"auto","background-attachment":"scroll","background-type":"","background-media":"","overlay-type":"","overlay-color":"","overlay-opacity":"","overlay-gradient":""}},"footnotes":""},"class_list":["post-3","page","type-page","status-publish","hentry"],"acf":[],"yoast_head":"<!-- This site is optimized with the Yoast SEO plugin v26.9 - https:\/\/yoast.com\/product\/yoast-seo-wordpress\/ -->\n<title>Privacy Policy - Jingold<\/title>\n<meta name=\"robots\" content=\"noindex, follow, max-snippet:-1, max-image-preview:large, max-video-preview:-1\" \/>\n<meta property=\"og:locale\" content=\"es_ES\" \/>\n<meta property=\"og:type\" content=\"article\" \/>\n<meta property=\"og:title\" content=\"Privacy Policy - Jingold\" \/>\n<meta property=\"og:description\" content=\"Policy Data Protection Regolamento UE 2016\/679 Societ\u00e0 Jingold s.p.a. \u00a0 I. INFORMAZIONI RELATIVE ALLA PRIVACY POLICY DEL SITOIn questo documento [&hellip;]\" \/>\n<meta property=\"og:url\" content=\"https:\/\/jingold.do.devhoop.com\/es\/politica-de-privacidad\/\" \/>\n<meta property=\"og:site_name\" content=\"Jingold\" \/>\n<meta property=\"article:modified_time\" content=\"2026-03-12T09:34:31+00:00\" \/>\n<meta name=\"twitter:card\" content=\"summary_large_image\" \/>\n<meta name=\"twitter:label1\" content=\"Tiempo de lectura\" \/>\n\t<meta name=\"twitter:data1\" content=\"8 minutos\" \/>\n<script type=\"application\/ld+json\" class=\"yoast-schema-graph\">{\"@context\":\"https:\/\/schema.org\",\"@graph\":[{\"@type\":\"WebPage\",\"@id\":\"https:\/\/jingold.do.devhoop.com\/privacy-policy\/\",\"url\":\"https:\/\/jingold.do.devhoop.com\/privacy-policy\/\",\"name\":\"Privacy Policy - Jingold\",\"isPartOf\":{\"@id\":\"https:\/\/jingold.do.devhoop.com\/#website\"},\"datePublished\":\"2026-02-06T08:58:04+00:00\",\"dateModified\":\"2026-03-12T09:34:31+00:00\",\"breadcrumb\":{\"@id\":\"https:\/\/jingold.do.devhoop.com\/privacy-policy\/#breadcrumb\"},\"inLanguage\":\"es\",\"potentialAction\":[{\"@type\":\"ReadAction\",\"target\":[\"https:\/\/jingold.do.devhoop.com\/privacy-policy\/\"]}]},{\"@type\":\"BreadcrumbList\",\"@id\":\"https:\/\/jingold.do.devhoop.com\/privacy-policy\/#breadcrumb\",\"itemListElement\":[{\"@type\":\"ListItem\",\"position\":1,\"name\":\"Home\",\"item\":\"https:\/\/jingold.do.devhoop.com\/\"},{\"@type\":\"ListItem\",\"position\":2,\"name\":\"Privacy Policy\"}]},{\"@type\":\"WebSite\",\"@id\":\"https:\/\/jingold.do.devhoop.com\/#website\",\"url\":\"https:\/\/jingold.do.devhoop.com\/\",\"name\":\"Jingold\",\"description\":\"Kiwi giallo, rosso e verde\",\"publisher\":{\"@id\":\"https:\/\/jingold.do.devhoop.com\/#organization\"},\"potentialAction\":[{\"@type\":\"SearchAction\",\"target\":{\"@type\":\"EntryPoint\",\"urlTemplate\":\"https:\/\/jingold.do.devhoop.com\/?s={search_term_string}\"},\"query-input\":{\"@type\":\"PropertyValueSpecification\",\"valueRequired\":true,\"valueName\":\"search_term_string\"}}],\"inLanguage\":\"es\"},{\"@type\":\"Organization\",\"@id\":\"https:\/\/jingold.do.devhoop.com\/#organization\",\"name\":\"Jingold\",\"url\":\"https:\/\/jingold.do.devhoop.com\/\",\"logo\":{\"@type\":\"ImageObject\",\"inLanguage\":\"es\",\"@id\":\"https:\/\/jingold.do.devhoop.com\/#\/schema\/logo\/image\/\",\"url\":\"https:\/\/jingold.do.devhoop.com\/wp-content\/uploads\/2026\/02\/LOGO-7.png\",\"contentUrl\":\"https:\/\/jingold.do.devhoop.com\/wp-content\/uploads\/2026\/02\/LOGO-7.png\",\"width\":309,\"height\":85,\"caption\":\"Jingold\"},\"image\":{\"@id\":\"https:\/\/jingold.do.devhoop.com\/#\/schema\/logo\/image\/\"}}]}<\/script>\n<!-- \/ Yoast SEO plugin. -->","yoast_head_json":{"title":"Pol\u00edtica de Privacidad - Jingold","robots":{"index":"noindex","follow":"follow","max-snippet":"max-snippet:-1","max-image-preview":"max-image-preview:large","max-video-preview":"max-video-preview:-1"},"og_locale":"es_ES","og_type":"article","og_title":"Privacy Policy - Jingold","og_description":"Policy Data Protection Regolamento UE 2016\/679 Societ\u00e0 Jingold s.p.a. \u00a0 I. INFORMAZIONI RELATIVE ALLA PRIVACY POLICY DEL SITOIn questo documento [&hellip;]","og_url":"https:\/\/jingold.do.devhoop.com\/es\/politica-de-privacidad\/","og_site_name":"Jingold","article_modified_time":"2026-03-12T09:34:31+00:00","twitter_card":"summary_large_image","twitter_misc":{"Tiempo de lectura":"8 minutos"},"schema":{"@context":"https:\/\/schema.org","@graph":[{"@type":"WebPage","@id":"https:\/\/jingold.do.devhoop.com\/privacy-policy\/","url":"https:\/\/jingold.do.devhoop.com\/privacy-policy\/","name":"Pol\u00edtica de Privacidad - Jingold","isPartOf":{"@id":"https:\/\/jingold.do.devhoop.com\/#website"},"datePublished":"2026-02-06T08:58:04+00:00","dateModified":"2026-03-12T09:34:31+00:00","breadcrumb":{"@id":"https:\/\/jingold.do.devhoop.com\/privacy-policy\/#breadcrumb"},"inLanguage":"es","potentialAction":[{"@type":"ReadAction","target":["https:\/\/jingold.do.devhoop.com\/privacy-policy\/"]}]},{"@type":"BreadcrumbList","@id":"https:\/\/jingold.do.devhoop.com\/privacy-policy\/#breadcrumb","itemListElement":[{"@type":"ListItem","position":1,"name":"Home","item":"https:\/\/jingold.do.devhoop.com\/"},{"@type":"ListItem","position":2,"name":"Privacy Policy"}]},{"@type":"WebSite","@id":"https:\/\/jingold.do.devhoop.com\/#website","url":"https:\/\/jingold.do.devhoop.com\/","name":"Jingold","description":"Kiwi amarillo, rojo y verde","publisher":{"@id":"https:\/\/jingold.do.devhoop.com\/#organization"},"potentialAction":[{"@type":"SearchAction","target":{"@type":"EntryPoint","urlTemplate":"https:\/\/jingold.do.devhoop.com\/?s={search_term_string}"},"query-input":{"@type":"PropertyValueSpecification","valueRequired":true,"valueName":"search_term_string"}}],"inLanguage":"es"},{"@type":"Organization","@id":"https:\/\/jingold.do.devhoop.com\/#organization","name":"Jingold","url":"https:\/\/jingold.do.devhoop.com\/","logo":{"@type":"ImageObject","inLanguage":"es","@id":"https:\/\/jingold.do.devhoop.com\/#\/schema\/logo\/image\/","url":"https:\/\/jingold.do.devhoop.com\/wp-content\/uploads\/2026\/02\/LOGO-7.png","contentUrl":"https:\/\/jingold.do.devhoop.com\/wp-content\/uploads\/2026\/02\/LOGO-7.png","width":309,"height":85,"caption":"Jingold"},"image":{"@id":"https:\/\/jingold.do.devhoop.com\/#\/schema\/logo\/image\/"}}]}},"_links":{"self":[{"href":"https:\/\/jingold.do.devhoop.com\/es\/wp-json\/wp\/v2\/pages\/3","targetHints":{"allow":["GET"]}}],"collection":[{"href":"https:\/\/jingold.do.devhoop.com\/es\/wp-json\/wp\/v2\/pages"}],"about":[{"href":"https:\/\/jingold.do.devhoop.com\/es\/wp-json\/wp\/v2\/types\/page"}],"author":[{"embeddable":true,"href":"https:\/\/jingold.do.devhoop.com\/es\/wp-json\/wp\/v2\/users\/1"}],"replies":[{"embeddable":true,"href":"https:\/\/jingold.do.devhoop.com\/es\/wp-json\/wp\/v2\/comments?post=3"}],"version-history":[{"count":10,"href":"https:\/\/jingold.do.devhoop.com\/es\/wp-json\/wp\/v2\/pages\/3\/revisions"}],"predecessor-version":[{"id":3077,"href":"https:\/\/jingold.do.devhoop.com\/es\/wp-json\/wp\/v2\/pages\/3\/revisions\/3077"}],"wp:attachment":[{"href":"https:\/\/jingold.do.devhoop.com\/es\/wp-json\/wp\/v2\/media?parent=3"}],"curies":[{"name":"wp","href":"https:\/\/api.w.org\/{rel}","templated":true}]}}